{"id":5999,"date":"2024-08-27T20:25:04","date_gmt":"2024-08-27T20:25:04","guid":{"rendered":"https:\/\/brazilgames.org\/privacy-policy\/"},"modified":"2024-11-05T21:43:04","modified_gmt":"2024-11-05T21:43:04","slug":"privacy-policy","status":"publish","type":"page","link":"https:\/\/brazilgames.org\/en\/privacy-policy\/","title":{"rendered":"Privacy Policy"},"content":{"rendered":"\t\t<div data-elementor-type=\"wp-page\" data-elementor-id=\"5999\" class=\"elementor elementor-5999 elementor-3653\">\n\t\t\t\t\t\t<section class=\"elementor-section elementor-top-section elementor-element elementor-element-3e5448d elementor-section-boxed elementor-section-height-default elementor-section-height-default\" data-id=\"3e5448d\" data-element_type=\"section\" data-e-type=\"section\" data-settings=\"{&quot;background_background&quot;:&quot;classic&quot;}\">\r\n\t\t\t\t\t\t<div class=\"elementor-container elementor-column-gap-thegem\"><div class=\"elementor-row\">\r\n\t\t\t\t\t<div class=\"elementor-column elementor-col-100 elementor-top-column elementor-element elementor-element-b03851d\" data-id=\"b03851d\" data-element_type=\"column\" data-e-type=\"column\">\n\t\t\t<div class=\"elementor-widget-wrap elementor-element-populated\">\n\t\t\t\t\t\t<div class=\"elementor-element elementor-element-37b7de5 flex-horizontal-align-default flex-horizontal-align-tablet-default flex-horizontal-align-mobile-default flex-vertical-align-default flex-vertical-align-tablet-default flex-vertical-align-mobile-default elementor-widget elementor-widget-thegem-template-post-breadcrumbs\" data-id=\"37b7de5\" data-element_type=\"widget\" data-e-type=\"widget\" data-widget_type=\"thegem-template-post-breadcrumbs.default\">\n\t\t\t\t<div class=\"elementor-widget-container\">\n\t\t\t\t\t<div class=\"thegem-te-post-breadcrumbs\"> <div class=\"post-breadcrumbs\"><ul><li><a href=\"https:\/\/brazilgames.org\/en\/\">Home<\/a><\/li><\/ul><!-- .breadcrumbs --><\/div> <\/div>\t\t\t\t<\/div>\n\t\t\t\t<\/div>\n\t\t\t\t\t<\/div>\n\t\t<\/div>\n\t\t\t\t\t<\/div><\/div>\r\n\t\t<\/section>\r\n\t\t\t\t<section class=\"elementor-section elementor-top-section elementor-element elementor-element-2fc2437 elementor-section-boxed elementor-section-height-default elementor-section-height-default\" data-id=\"2fc2437\" data-element_type=\"section\" data-e-type=\"section\">\r\n\t\t\t\t\t\t<div class=\"elementor-container elementor-column-gap-thegem\"><div class=\"elementor-row\">\r\n\t\t\t\t\t<div class=\"elementor-column elementor-col-100 elementor-top-column elementor-element elementor-element-5fc1ef0\" data-id=\"5fc1ef0\" data-element_type=\"column\" data-e-type=\"column\">\n\t\t\t<div class=\"elementor-widget-wrap elementor-element-populated\">\n\t\t\t\t\t\t<div class=\"elementor-element elementor-element-04e31a7 flex-horizontal-align-default flex-horizontal-align-tablet-default flex-horizontal-align-mobile-default flex-vertical-align-default flex-vertical-align-tablet-default flex-vertical-align-mobile-default elementor-widget elementor-widget-thegem-animated-heading\" data-id=\"04e31a7\" data-element_type=\"widget\" data-e-type=\"widget\" data-widget_type=\"thegem-animated-heading.default\">\n\t\t\t\t<div class=\"elementor-widget-container\">\n\t\t\t\t\t<div class=\"thegem-heading thegem-animated-heading title-h1\" id=\"thegem-heading-04e31a7\"><span>Privacy Policy<\/span> <\/div><style type=\"text\/css\">#thegem-heading-04e31a7 {margin: 0;}<\/style>\t\t\t\t<\/div>\n\t\t\t\t<\/div>\n\t\t\t\t<div class=\"elementor-element elementor-element-846fd53 flex-horizontal-align-default flex-horizontal-align-tablet-default flex-horizontal-align-mobile-default flex-vertical-align-default flex-vertical-align-tablet-default flex-vertical-align-mobile-default elementor-widget elementor-widget-text-editor\" data-id=\"846fd53\" data-element_type=\"widget\" data-e-type=\"widget\" data-widget_type=\"text-editor.default\">\n\t\t\t\t<div class=\"elementor-widget-container\">\n\t\t\t\t\t\t\t\t\t\t\t\t<div class=\"elementor-text-editor elementor-clearfix\">\r\n\t\t\t\t\t\t<p><strong>Privacy Protection Commitment<\/strong><br \/>Protecting the security and privacy of your Personal Information is important to ABRAGAMES &#8211; Associa\u00e7\u00e3o Brasileira das Desenvolvedoras de Jogos Eletr\u00f4nicos (&#8220;Abragames&#8221;). We conduct our business in accordance with applicable laws on privacy, data protection and security. We hope that the policy summarized below will help you understand what type of data Abragames may collect, how it uses and protects that data, and with whom we may share it.  <\/p>\n<p><strong>Personal Data<\/strong><br \/>Abragames will only collect personal data about you when it is provided voluntarily (for example, through your registration on the Newsletter form).<\/p>\n<p><strong>Purpose of Use<\/strong><br \/>When you provide us with your personal data, we use it to provide you with access to specific information, as described in the Abragames services. In addition, we use it to support and improve our relationship with our customers, including sponsors and partners, through reports (without identifying individual users) and communications with users (when authorized). <\/p>\n<p><strong>Purpose of Limitation<\/strong><br \/>Abragames will collect, use or disclose the personal data provided by you online only to:<\/p>\n<ul>\n<li>The purposes revealed in the Privacy Policy, in the description and disclosure of the Website;<\/li>\n<li>Any additional purpose that is directly related to the original purpose for which the personal data was collected;<\/li>\n<li>Comply with legal requirements or those of competent government or judicial authorities;<\/li>\n<li>When necessary, to establish or protect a legal claim or defense;<\/li>\n<li>When necessary, prevent fraud or other illegal activities, such as deliberate attacks on Abragames or partners&#8217; information technology systems.<\/li>\n<\/ul>\n<p>Data used and its purpose<br \/>Abragames uses your data to:<\/p>\n<ul>\n<li>subscription to the Association&#8217;s monthly newsletter<\/li>\n<li>communication through the newsletter and announcements from Abragames and\/or its partners and sponsors<\/li>\n<\/ul>\n<p><strong>Communications or Usage Data<\/strong><br \/>Through your use of telecommunications services to access our website, your communications data (e.g. Internet protocol address) or usage data are technically generated and may conceivably be linked to your personal data. Insofar as there is an overriding need, the collection, processing and use of your communications or usage data will take place and be carried out in accordance with the applicable data privacy protection framework. <\/p>\n<p><strong>Non-Personal Information Collected Automatically<\/strong><br \/>When you visit our websites, we may automatically (i.e., not through registration) collect non-personal information (e.g., the type of Internet browser and computer operating system you use, the domain name of the website from which you accessed the website, the number of visits, the average time spent on the website, the pages viewed). We may use this information and share it with our partners and sponsors to monitor the attractiveness of our websites and to improve their performance or content. <\/p>\n<p><strong>&#8220;Cookies&#8221; \u2013 Information Stored on Your Computer<\/strong><br \/>When you view one of our websites, it is possible that it stores some data on your computer in the form of a &#8220;cookie&#8221; so that it can automatically recognize you on your next visit.<\/p>\n<p>Cookies can help us in many ways, for example by allowing us to tailor a website to better match your interests or by saving your password so you do not have to re-enter it each time you visit. If you prefer not to use cookies, please set your Internet browser to erase all cookies from your computer&#8217;s hard drive, to block all cookies, or to receive a warning before a cookie is stored. <\/p>\n<p><strong>Security<\/strong><br \/>To protect your personal data against accidental or unlawful destruction, loss or alteration and against unauthorized disclosure and access, Abragames adopts the technical and organizational security measures available on the market.<\/p>\n<p><strong>Links para Outros Websites<\/strong><br \/>Os Web sites da Abragames podem conter links para outros Web sites. A Abragames n\u00e3o se responsabiliza pelas pr\u00e1ticas de privacidade ou pelo conte\u00fado de outros Web sites. <\/p>\n<p><strong>Questions<\/strong><br \/>If you have any questions about our Privacy Policy, please contact us at <a href=\"mailto:contato@abragames.org\">contato@abragames.org<\/a><\/p>\n\t\t\t\t\t\t\t<\/div>\r\n\t\t\t\t\t\t\t\t\t\t<\/div>\n\t\t\t\t<\/div>\n\t\t\t\t\t<\/div>\n\t\t<\/div>\n\t\t\t\t\t<\/div><\/div>\r\n\t\t<\/section>\r\n\t\t\t\t<section class=\"elementor-section elementor-top-section elementor-element elementor-element-50b53d0 elementor-section-boxed elementor-section-height-default elementor-section-height-default\" data-id=\"50b53d0\" data-element_type=\"section\" data-e-type=\"section\" data-settings=\"{&quot;thegem_parallax_activate&quot;:&quot;yes&quot;,&quot;thegem_parallax_type&quot;:&quot;horizontal&quot;}\">\r\n\t\t\t\t\t\t<div class=\"elementor-container elementor-column-gap-thegem\"><div class=\"elementor-row\">\r\n\t\t\t\t\t<div class=\"elementor-column elementor-col-100 elementor-top-column elementor-element elementor-element-fdcd89e\" data-id=\"fdcd89e\" data-element_type=\"column\" data-e-type=\"column\">\n\t\t\t<div class=\"elementor-widget-wrap elementor-element-populated\">\n\t\t\t\t\t\t<div class=\"elementor-element elementor-element-bed2114 elementor-widget__width-auto flex-horizontal-align-default flex-horizontal-align-tablet-default flex-horizontal-align-mobile-default flex-vertical-align-default flex-vertical-align-tablet-default flex-vertical-align-mobile-default elementor-widget elementor-widget-thegem-animated-heading\" data-id=\"bed2114\" data-element_type=\"widget\" data-e-type=\"widget\" data-widget_type=\"thegem-animated-heading.default\">\n\t\t\t\t<div class=\"elementor-widget-container\">\n\t\t\t\t\t<h2 class=\"thegem-heading thegem-animated-heading main-menu-item thegem-heading-animate lines-slide-up\" id=\"thegem-heading-bed2114\" data-animation-name=\"lines-slide-up\" data-animation-interval=\"80\"><span class=\"colored thegem-heading-word\" style=\"color: #3687F7;\">*<\/span><\/h2><style type=\"text\/css\">#thegem-heading-bed2114 {margin: 0;}<\/style>\t\t\t\t<\/div>\n\t\t\t\t<\/div>\n\t\t\t\t<div class=\"elementor-element elementor-element-1a4b34d elementor-widget__width-auto flex-horizontal-align-default flex-horizontal-align-tablet-default flex-horizontal-align-mobile-default flex-vertical-align-default flex-vertical-align-tablet-default flex-vertical-align-mobile-default elementor-widget elementor-widget-thegem-animated-heading\" data-id=\"1a4b34d\" data-element_type=\"widget\" data-e-type=\"widget\" data-widget_type=\"thegem-animated-heading.default\">\n\t\t\t\t<div class=\"elementor-widget-container\">\n\t\t\t\t\t<h2 class=\"thegem-heading thegem-animated-heading main-menu-item thegem-heading-animate lines-slide-up\" id=\"thegem-heading-1a4b34d\" data-animation-name=\"lines-slide-up\" data-animation-interval=\"80\"><span class=\"thegem-heading-word\">CALENDAR<\/span> <span class=\"thegem-heading-word\">OF<\/span> <span class=\"thegem-heading-word\">EVENTS<\/span><\/h2><style type=\"text\/css\">#thegem-heading-1a4b34d {margin: 0;}<\/style>\t\t\t\t<\/div>\n\t\t\t\t<\/div>\n\t\t\t\t<div class=\"elementor-element elementor-element-f93bbf2 flex-horizontal-align-default flex-horizontal-align-tablet-default flex-horizontal-align-mobile-default flex-vertical-align-default flex-vertical-align-tablet-default flex-vertical-align-mobile-default elementor-widget elementor-widget-thegem-extended-blog-grid\" data-id=\"f93bbf2\" data-element_type=\"widget\" data-e-type=\"widget\" data-settings=\"{&quot;portfolio_uid&quot;:&quot;5ba0d4e&quot;,&quot;skin_source&quot;:&quot;builder&quot;,&quot;loop_builder&quot;:&quot;894&quot;,&quot;hide_filters_sorting&quot;:&quot;yes&quot;,&quot;query_type&quot;:&quot;event&quot;,&quot;source_post_type_event_exclude_type&quot;:&quot;current&quot;,&quot;order_by&quot;:&quot;date&quot;,&quot;filters_text_labels_clear_text&quot;:&quot;Clear Filters&quot;,&quot;not_found_text&quot;:&quot;No items were found matching your selection&quot;,&quot;items_per_page&quot;:3,&quot;sorting_extended_text&quot;:&quot;Standard&quot;,&quot;sorting_extended_dropdown_title_text&quot;:&quot;Sort by title (A-Z)&quot;,&quot;sorting_extended_dropdown_title_desc_text&quot;:&quot;Sort by title (Z-A)&quot;,&quot;sorting_extended_dropdown_latest_text&quot;:&quot;Overlook&quot;,&quot;sorting_extended_dropdown_oldest_text&quot;:&quot;Sort by oldest&quot;,&quot;layout_builder&quot;:&quot;justified&quot;,&quot;columns_builder&quot;:&quot;3x&quot;,&quot;columns_tablet_builder&quot;:&quot;2x&quot;,&quot;columns_mobile_builder&quot;:&quot;1x&quot;,&quot;loop_equal_height&quot;:&quot;yes&quot;,&quot;source_post_type_event&quot;:[&quot;all&quot;],&quot;order&quot;:&quot;default&quot;,&quot;search_by&quot;:&quot;content&quot;,&quot;show_pagination&quot;:&quot;yes&quot;,&quot;pagination_type&quot;:&quot;normal&quot;,&quot;next_page_preloading&quot;:&quot;yes&quot;,&quot;social_sharing&quot;:&quot;yes&quot;,&quot;sharing_icon&quot;:{&quot;value&quot;:&quot;&quot;,&quot;library&quot;:&quot;&quot;},&quot;shares_show_facebook&quot;:&quot;yes&quot;,&quot;shares_show_twitter&quot;:&quot;yes&quot;,&quot;shares_show_pinterest&quot;:&quot;yes&quot;,&quot;shares_show_tumblr&quot;:&quot;yes&quot;,&quot;shares_show_linkedin&quot;:&quot;yes&quot;,&quot;shares_show_reddit&quot;:&quot;yes&quot;,&quot;ignore_sticky_posts&quot;:&quot;yes&quot;,&quot;ajax_preloader_type&quot;:&quot;default&quot;,&quot;image_gaps&quot;:{&quot;unit&quot;:&quot;px&quot;,&quot;size&quot;:42,&quot;sizes&quot;:[]},&quot;image_gaps_tablet&quot;:{&quot;unit&quot;:&quot;px&quot;,&quot;size&quot;:&quot;&quot;,&quot;sizes&quot;:[]},&quot;image_gaps_mobile&quot;:{&quot;unit&quot;:&quot;px&quot;,&quot;size&quot;:&quot;&quot;,&quot;sizes&quot;:[]},&quot;caption_container_preset&quot;:&quot;transparent&quot;,&quot;pagination_arrows_left_icon&quot;:{&quot;value&quot;:&quot;&quot;,&quot;library&quot;:&quot;&quot;},&quot;pagination_arrows_right_icon&quot;:{&quot;value&quot;:&quot;&quot;,&quot;library&quot;:&quot;&quot;},&quot;readmore_button_type&quot;:&quot;outline&quot;,&quot;readmore_button_size&quot;:&quot;default&quot;}\" data-widget_type=\"thegem-extended-blog-grid.default\">\n\t\t\t\t<div class=\"elementor-widget-container\">\n\t\t\t\t\t\t\t\t<div class=\"portfolio-preloader-wrapper\">\n\n\t\t\t\t\n\t\t\t\t<div class=\"portfolio portfolio-grid extended-portfolio-grid news-grid no-padding portfolio-pagination-normal portfolio-style-justified background-style-transparent hover- title-on-page caption-position- version-         columns-tablet-2 columns-mobile-1 hover-   columns-3 disable-isotope next-page-preloading        full-image   loop-equal-height\" id=\"style-f93bbf2\" data-style-uid=\"f93bbf2\" data-portfolio-uid=\"5ba0d4e\" data-current-page=\"1\" data-per-page=\"3\" data-next-page=\"0\" data-pages-count=\"1\" data-hover=\"\" data-portfolio-filter=\"[]\" data-portfolio-filter-attributes=\"null\" data-portfolio-filter-status=\"null\" data-portfolio-filter-price=\"null\" data-portfolio-filter-search=\"\">\n\t\t\t\t\t\n\t\t\t\t\t<div class=\"portfolio-row-outer \">\n\n\t\t\t\t\t\t\t\t\t\t\t\t\t\t\t\t\t\t\t\t\t\t\t<div class=\"portfolio-top-panel selected-only\">\n\t\t\t\t\t\t\t\t\t\t<div class=\"portfolio-filter-item portfolio-selected-filters  \">\n\t<div class=\"portfolio-selected-filter-item clear-filters\">\n\t\tClear Filters\t<\/div>\n\t<\/div>\t\t\t\t\t\t\t\t\t<\/div>\n\t\t\t\t\t\t\t\t\n\t\t\t\t\t\t\t\t<div class=\"row portfolio-row\">\n\t\t\t\t\t\t\t\t\t<div class=\"portfolio-set clearfix\"\n\t\t\t\t\t\t\t\t\t\t data-max-row-height=\"\">\n\t\t\t\t\t\t\t\t\t\t<div class=\"portfolio-item col-xs-12 col-sm-6 col-md-4 post-hide-categories post-hide-date post-has-author post-7079 event type-event status-publish format-standard has-post-thumbnail\" style=\"padding: calc(42px\/2)\" data-default-sort=\"0\" data-sort-date=\"1770038580\">\n\t<div class=\"thegem-template-wrapper thegem-template-loop-item thegem-template-894 thegem-loop-post-7079\">\n\t\t\t\t<div data-elementor-type=\"wp-post\" data-elementor-id=\"894\" class=\"elementor elementor-894\">\n\t\t\t\t\t\t<section class=\"elementor-section elementor-top-section elementor-element elementor-element-1d0e5fd elementor-section-full_width elementor-section-height-default elementor-section-height-default\" data-id=\"1d0e5fd\" data-element_type=\"section\" data-e-type=\"section\">\r\n\t\t\t\t\t\t<div class=\"elementor-container elementor-column-gap-no\"><div class=\"elementor-row\">\r\n\t\t\t\t\t<div class=\"elementor-column elementor-col-100 elementor-top-column elementor-element elementor-element-bc3676c\" data-id=\"bc3676c\" data-element_type=\"column\" data-e-type=\"column\" data-settings=\"{&quot;background_background&quot;:&quot;classic&quot;}\">\n\t\t\t<div class=\"elementor-widget-wrap elementor-element-populated\">\n\t\t\t\t\t\t<div class=\"elementor-element elementor-element-32920c3 flex-horizontal-align-default flex-horizontal-align-tablet-default flex-horizontal-align-mobile-default flex-vertical-align-default flex-vertical-align-tablet-default flex-vertical-align-mobile-default elementor-widget elementor-widget-thegem-template-loop-featured-media\" data-id=\"32920c3\" data-element_type=\"widget\" data-e-type=\"widget\" data-widget_type=\"thegem-template-loop-featured-media.default\">\n\t\t\t\t<div class=\"elementor-widget-container\">\n\t\t\t\t\t<div class=\"thegem-te-loop-featured-media image-aspect-ratio image-hover-effect image-position-left appearance-type-image loop-item-type-full\"> <a href=\"https:\/\/brazilgames.org\/en\/event\/gdc-edition-2026\/\" target=\"_self\"> <div class=\"featured-media\"> <div class=\"media-inner-wrap\"> <picture> <img fetchpriority=\"high\" src=\"https:\/\/brazilgames.org\/wp-content\/uploads\/2025\/01\/53608347109_cdcebcab7f_c.jpg\" width=\"800\" height=\"534\" class=\"attachment-full\" alt=\"GDC &#8211; Edi\u00e7\u00e3o 2026\" \/> <\/picture> <\/div> <\/div> <\/a> <\/div>\t\t\t\t<\/div>\n\t\t\t\t<\/div>\n\t\t\t\t<section class=\"elementor-section elementor-inner-section elementor-element elementor-element-56080c7 elementor-section-full_width elementor-section-height-default elementor-section-height-default\" data-id=\"56080c7\" data-element_type=\"section\" data-e-type=\"section\">\r\n\t\t\t\t\t\t<div class=\"elementor-container elementor-column-gap-no\"><div class=\"elementor-row\">\r\n\t\t\t\t\t<div class=\"elementor-column elementor-col-100 elementor-inner-column elementor-element elementor-element-e30be80\" data-id=\"e30be80\" data-element_type=\"column\" data-e-type=\"column\">\n\t\t\t<div class=\"elementor-widget-wrap elementor-element-populated\">\n\t\t\t\t\t\t<div class=\"elementor-element elementor-element-aed0e72 elementor-hidden-desktop elementor-hidden-tablet elementor-hidden-mobile flex-horizontal-align-default flex-horizontal-align-tablet-default flex-horizontal-align-mobile-default flex-vertical-align-default flex-vertical-align-tablet-default flex-vertical-align-mobile-default elementor-widget elementor-widget-thegem-template-post-info\" data-id=\"aed0e72\" data-element_type=\"widget\" data-e-type=\"widget\" data-widget_type=\"thegem-template-post-info.default\">\n\t\t\t\t<div class=\"elementor-widget-container\">\n\t\t\t\t\t\t\t\t<div class=\"thegem-te-post-info post-info--modern post-info--horizontal post-info--left post-info--divider-show \">\r\n\t\t\t\t<div class=\"post-info\"><div class=\"post-info-item post-info-item-date text-body-tiny \"><div class=\"date\">02\/02\/2026<\/div><\/div><\/div>\r\n\t\t\t<\/div>\r\n\t\t\t\t\t\t\t\t\t<\/div>\n\t\t\t\t<\/div>\n\t\t\t\t<div class=\"elementor-element elementor-element-cddb62e flex-horizontal-align-default flex-horizontal-align-tablet-default flex-horizontal-align-mobile-default flex-vertical-align-default flex-vertical-align-tablet-default flex-vertical-align-mobile-default elementor-widget elementor-widget-thegem-template-post-title\" data-id=\"cddb62e\" data-element_type=\"widget\" data-e-type=\"widget\" data-widget_type=\"thegem-template-post-title.default\">\n\t\t\t\t<div class=\"elementor-widget-container\">\n\t\t\t\t\t<div class=\"thegem-te-post-title\"> <div class=\"post-title title-h4 \"> <a href=\"https:\/\/brazilgames.org\/en\/event\/gdc-edition-2026\/\" target=\"_self\"> <span>GDC &#8211; Edi\u00e7\u00e3o 2026<\/span> <\/a> <\/div> <\/div>\t\t\t\t<\/div>\n\t\t\t\t<\/div>\n\t\t\t\t<div class=\"elementor-element elementor-element-2c4a280 flex-horizontal-align-default flex-horizontal-align-tablet-default flex-horizontal-align-mobile-default flex-vertical-align-default flex-vertical-align-tablet-default flex-vertical-align-mobile-default elementor-widget elementor-widget-thegem-infobox\" data-id=\"2c4a280\" data-element_type=\"widget\" data-e-type=\"widget\" data-settings=\"{&quot;thegem_elementor_preset&quot;:&quot;tiny&quot;}\" data-widget_type=\"thegem-infobox.default\">\n\t\t\t\t<div class=\"elementor-widget-container\">\n\t\t\t\t\t\n<div class=\"gem-infobox styled-textbox-tiny \">\n\n\t\n\t\t<div class=\"gem-infobox-top gem-infobox-top-none default-fill\">\n\t\t\t\t\t<\/div>\n\t\n\t<div class=\"gem-infobox-inner\">\n\n\t\t<div class=\"gem-infobox-content default gem-infobox-icon-horizontal-left gem-infobox-icon-image-wrapping-inline\">\n\n\t\t\t\t\t\t\t<div class=\"gem-texbox-icon-image-wrapper\">\n\n\t\t\t\t\t\t\t\t\t\t\t<div class=\"default left\">\n\t\t\t\t\t\t\t<div class=\"gem-infobox-icon\">\n\t\t\t\t\t\t\t\t<div class=\"elementor-icon\">\n\t\t\t\t\t\t\t\t\t<svg aria-hidden=\"true\" class=\"e-font-icon-svg e-fas-calendar\" viewBox=\"0 0 448 512\" xmlns=\"http:\/\/www.w3.org\/2000\/svg\"><path d=\"M12 192h424c6.6 0 12 5.4 12 12v260c0 26.5-21.5 48-48 48H48c-26.5 0-48-21.5-48-48V204c0-6.6 5.4-12 12-12zm436-44v-36c0-26.5-21.5-48-48-48h-48V12c0-6.6-5.4-12-12-12h-40c-6.6 0-12 5.4-12 12v52H160V12c0-6.6-5.4-12-12-12h-40c-6.6 0-12 5.4-12 12v52H48C21.5 64 0 85.5 0 112v36c0 6.6 5.4 12 12 12h424c6.6 0 12-5.4 12-12z\"><\/path><\/svg>\t\t\t\t\t\t\t\t<\/div>\n\t\t\t\t\t\t\t<\/div>\n\t\t\t\t\t\t<\/div>\n\t\t\t\t\t\n\t\t\t\t\t\n\t\t\t\t<\/div>\n\t\t\t\n\t\t\t<div class=\"gem-texbox-text-wrapper\">\n\n\t\t\t\t\t\t\t\t\t\n\t\t\t\t\t\t<div class=\"gem-infobox-title text-body-tiny light\">\n\t\t\t\t\t\t\t09\/03\/2026\t\t\t\t\t\t<\/div>\n\n\t\t\t\t\t\n\t\t\t\t\t\n\t\t\t\t\t\n\t\t\t\t\n\t\t\t<\/div>\n\n\t\t<\/div>\n\n\t<\/div>\n\n\t\n\t\t<div class=\"gem-infobox-bottom gem-infobox-bottom-none default-fill\">\n\t\t\t\t<\/div>\n\t\n\t\n<\/div>\n\t\t\t\t<\/div>\n\t\t\t\t<\/div>\n\t\t\t\t\t<\/div>\n\t\t<\/div>\n\t\t\t\t\t<\/div><\/div>\r\n\t\t<\/section>\r\n\t\t\t\t\t<\/div>\n\t\t<\/div>\n\t\t\t\t\t<\/div><\/div>\r\n\t\t<\/section>\r\n\t\t\t\t<\/div>\n\t\t\t<\/div>\n\t<\/div>\n\t\t\t\t\t\t\t\t\t<\/div><!-- .portflio-set -->\n\t\t\t\t\t\t\t\t\t\t\t\t\t\t\t\t\t\t\t<div class=\"portfolio-item-size-container\">\n\t\t\t\t\t\t\t\t\t\t\t\t<div class=\"portfolio-item col-xs-12 col-sm-6 col-md-4 post-hide-categories post-hide-date post-has-author post-7079 event type-event status-publish format-standard has-post-thumbnail\">\r\n\t\t\t<\/div>\r\n\t\t\t\t\t\t\t\t\t\t<\/div>\n\t\t\t\t\t\t\t\t\t\t\t\t\t\t\t\t\t<\/div><!-- .row-->\n\n\t\t\t\t\t\t\t\t\t\t\t\t\t\t\t\t\t\t<div class=\"portfolio-navigator gem-pagination\" style=\"display:none;\">\n\t\t\t\t\t\t\t\t\t\t\t<a href=\"#\" role=\"button\" class=\"prev\" aria-label=\"Prev\">\n\t\t\t\t\t\t\t\t\t\t\t\t\t\t\t\t\t\t\t\t\t\t\t\t\t<i class=\"default\"><\/i>\n\t\t\t\t\t\t\t\t\t\t\t\t\t\t\t\t\t\t\t\t\t\t\t<\/a>\n\t\t\t\t\t\t\t\t\t\t\t<div class=\"pages\"><\/div>\n\t\t\t\t\t\t\t\t\t\t\t<a href=\"#\" role=\"button\" class=\"next\" aria-label=\"Next\">\n\t\t\t\t\t\t\t\t\t\t\t\t\t\t\t\t\t\t\t\t\t\t\t\t\t<i class=\"default\"><\/i>\n\t\t\t\t\t\t\t\t\t\t\t\t\t\t\t\t\t\t\t\t\t\t\t<\/a>\n\t\t\t\t\t\t\t\t\t\t<\/div>\n\t\t\t\t\t\t\t\t\t\n\t\t\t\t\t\t\t\t\n\t\t\t\t\t<\/div><!-- .full-width -->\n\t\t\t\t<\/div><!-- .portfolio-->\n\t\t\t<\/div><!-- .portfolio-preloader-wrapper-->\n\t\t\t\t\t\t<\/div>\n\t\t\t\t<\/div>\n\t\t\t\t\t<\/div>\n\t\t<\/div>\n\t\t\t\t\t<\/div><\/div>\r\n\t\t<\/section>\r\n\t\t\t\t<\/div>\n\t\t","protected":false},"excerpt":{"rendered":"<p>Privacy Policy Privacy Protection CommitmentProtecting the security and privacy of your Personal Information is important to ABRAGAMES &#8211; Associa\u00e7\u00e3o Brasileira&#8230;<\/p>\n","protected":false},"author":1,"featured_media":0,"parent":0,"menu_order":0,"comment_status":"closed","ping_status":"closed","template":"page-fullwidth.php","meta":{"_acf_changed":false,"om_disable_all_campaigns":false,"footnotes":""},"class_list":["post-5999","page","type-page","status-publish"],"acf":[],"_links":{"self":[{"href":"https:\/\/brazilgames.org\/en\/wp-json\/wp\/v2\/pages\/5999","targetHints":{"allow":["GET"]}}],"collection":[{"href":"https:\/\/brazilgames.org\/en\/wp-json\/wp\/v2\/pages"}],"about":[{"href":"https:\/\/brazilgames.org\/en\/wp-json\/wp\/v2\/types\/page"}],"author":[{"embeddable":true,"href":"https:\/\/brazilgames.org\/en\/wp-json\/wp\/v2\/users\/1"}],"replies":[{"embeddable":true,"href":"https:\/\/brazilgames.org\/en\/wp-json\/wp\/v2\/comments?post=5999"}],"version-history":[{"count":1,"href":"https:\/\/brazilgames.org\/en\/wp-json\/wp\/v2\/pages\/5999\/revisions"}],"predecessor-version":[{"id":6000,"href":"https:\/\/brazilgames.org\/en\/wp-json\/wp\/v2\/pages\/5999\/revisions\/6000"}],"wp:attachment":[{"href":"https:\/\/brazilgames.org\/en\/wp-json\/wp\/v2\/media?parent=5999"}],"curies":[{"name":"wp","href":"https:\/\/api.w.org\/{rel}","templated":true}]}}